{"id":1530,"date":"2015-08-11T18:00:48","date_gmt":"2015-08-11T16:00:48","guid":{"rendered":"http:\/\/www.alpskyhotel.cz\/pl\/tipy-na-vylety\/"},"modified":"2015-11-08T05:12:22","modified_gmt":"2015-11-08T03:12:22","slug":"typy-na-wycieczki","status":"publish","type":"page","link":"https:\/\/www.alpskyhotel.cz\/pl?page_id=1530","title":{"rendered":"Typy na wycieczki"},"content":{"rendered":"<h1>Szlaki turystyczne wok\u00f3\u0142 Szpindlerowego M\u0142yna<\/h1>\n<h2>\u0160pindler\u016fv Ml\u00fdn &#8211; p\u0159ehrada Labsk\u00e1<\/h2>\n<p><strong>D\u0142ugo\u015b\u0107 trasy 7\u00a0km<\/strong><\/p>\n<p>Z\u00a0centrum Szpindlerowego M\u0142yna od\u00a0baru Staro\u010desk\u00e1 hospoda zielonym szlakiem turystycznym \u2013 obok chaty Tabulov\u00e1 bouda (750 m n.p.m.) \u2013 do\u00a0grobli Zapory na\u00a0\u0141abie (Labsk\u00e1 p\u0159ehrada \u2013 700\u00a0m n.p.m.) \u2013 przechodzimy przez grobl\u0119 \u2013 kontynuujemy spacer niebieskim szlakiem turystycznym \u2013 przechodzimy przez drog\u0119 i\u00a0skr\u0119camy w lewo w stron\u0119 hotelu Arnika \u2013 ponad hotelem Arnika przechodzimy na\u00a0zielony szlak turystyczny (775 m n.p.m.) \u2013 nast\u0119pnie w prawo przez chaty Krausovy boudy (Labsk\u00e1) \u2013 na\u00a0punkt widokowy Labsk\u00e1 vyhl\u00eddka (810 m n.p.m.) \u2013 nast\u0119pnie zielonym szlakiemko\u0142o hotelu Lesana \u2013 z\u00a0powrotem do\u00a0Szpindlerowego M\u0142yna<\/p>\n<p><strong>Ciekawe miejsca na\u00a0szlaku:<\/strong><\/p>\n<ul>\n<li>Grobla zosta\u0142a zbudowana przez Franciszka J\u00f3zefa I\u00a0w latach 1910\u20131914 i\u00a0utrzymuje nawet 3,5 mln m3 wody<\/li>\n<li>Wielbiciele adrenaliny mog\u0105 tu spr\u00f3bowa\u0107 tzw. zjazdu tyrolk\u0105 \u2013 zjazdu na\u00a0linie o\u00a0d\u0142ugo\u015bci 125\u00a0m z\u00a0wysoko\u015bci 30\u00a0m<\/li>\n<\/ul>\n<h2>Dolin\u0105 Bia\u0142ej \u0141aby<\/h2>\n<h3>\u2028<strong>D\u0142ugo\u015b\u0107 trasy 10\u00a0km<\/strong><\/h3>\n<p>Z\u00a0centrum Szpindlerowego M\u0142yna od\u00a0Bia\u0142ego Mostu \u2013 niebieskim szlakiem turystycznym \u2013 w g\u00f3r\u0119 rzeki \u0141aby \u2013 ko\u0142o kolejki linowej na\u00a0Medv\u011bd\u00edn \u2013 w kierunku chaty KRNAP \u2013 nast\u0119pnie w prawo do\u00a0punktu D\u00edv\u010d\u00ed l\u00e1vky (780 m n.p.m.) \u2013 Drog\u0105 Webera (Weberova cesta) \u2013 w kierunku chaty Bouda U\u00a0B\u00edl\u00e9ho Labe \u2013 nast\u0119pnie \u017c\u00f3\u0142tym szlakiem turystycznym \u2013 z\u00a0powrotem do\u00a0Szpindlerowego M\u0142yna<\/p>\n<p><strong>Ciekawe miejsca na\u00a0szlaku:<\/strong><\/p>\n<ul>\n<li>\u015acie\u017cka edukacyjna \u010cert\u016fv d\u016fl (Diabelska kopalnia) \u2013 zaczyna si\u0119 przy chacie Bouda U\u00a0B\u00edl\u00e9ho Labe, opr\u00f3cz pi\u0119kna przyrody przedstawia r\u00f3wnie\u017c wyj\u0105tkowo dobrze zachowane obiekty zaporowe na\u00a0potoku \u010certova strouha, licz\u0105ce ponad 100\u00a0lat<\/li>\n<\/ul>\n<h2>Przez dolin\u0119 Labsk\u00fd d\u016fl<\/h2>\n<p><strong>D\u0142ugo\u015b\u0107 trasy 9\u00a0km<\/strong><\/p>\n<p>Z\u00a0centrum Szpindlerowego M\u0142yna od\u00a0Bia\u0142ego Mostu \u2013 niebieskim szlakiem turystycznym \u2013 w g\u00f3r\u0119 rzeki \u0141aby \u2013 ko\u0142o kolejki linowej Medv\u011bd\u00edn \u2013 od\u00a0chaty KRNAP w dalszym ci\u0105gu niebieskim szlakiem \u2013 na\u00a0koniec doliny Labsk\u00fd d\u016fl \u2013 z\u00a0powrotem do\u00a0centrum Szpindlerowego M\u0142yna<\/p>\n<p><strong>Ciekawe miejsca na\u00a0szlaku:<\/strong><\/p>\n<ul>\n<li>Kaskady Labsk\u00e9 kask\u00e1dy \u2013 wodospad Mal\u00fd Labsk\u00fd vodop\u00e1d, wodospad Pudlavsk\u00fd vodop\u00e1d, widok na\u00a0wodospad Pan\u010davsk\u00fd vodop\u00e1d<\/li>\n<\/ul>\n<h2>Chaty Szpindlerowego M\u0142yna<\/h2>\n<p><strong>D\u0142ugo\u015b\u0107 trasy 12\u00a0km<\/strong><\/p>\n<p>Z\u00a0dworca autobusowego autobusem do\u00a0chaty \u0160pindlerova bouda (1198 m n.p.m.) \u2013 czerwonym szlakiem turystycznym do\u00a0chaty Petrova bouda (1338 m n.p.m.) \u2013 ska\u0142y D\u00edv\u010d\u00ed a\u00a0Mu\u017esk\u00e9 kameny \u2013 Czarna Prze\u0142\u0119cz (Sedlo nad\u00a0Martinovkou) \u2013 na\u00a0rozdro\u017cu niebieskim szlakiem turystycznym do\u00a0chaty Martinova Bouda (1259 m n.p.m.) \u2013 chaty Br\u00e1dlerovy (Fu\u010d\u00edkovy) Boudy \u2013 1063\u00a0m n.p.m.) \u2013 \u017c\u00f3\u0142tym szlakiem turystycznym do\u00a0chat Medv\u011bd\u00ed Boudy (1075 m n.p.m.) \u2013 niebieskim szlakiem turystycznym do\u00a0chaty Davidovy Boudy (1025 m n.p.m.) \u2013 \u017c\u00f3\u0142tym szlakiem turystycznym do\u00a0punktu D\u00edv\u010d\u00ed l\u00e1vky \u2013 na\u00a0trasie do\u00a0punktu D\u00edv\u010d\u00ed l\u00e1vky mo\u017cna zatrzyma\u0107 si\u0119 przy kamiennym zamku Pevnost (1012 m n.p.m.) \u2013 z\u00a0punktu D\u00edv\u010d\u00ed l\u00e1vky niebieskim szlakiem obok restauracji Myslivna z\u00a0powrotem do\u00a0centrum Szpindlerowego M\u0142yna<\/p>\n<p><strong>Ciekawe miejsca na\u00a0szlaku:<\/strong><\/p>\n<ul>\n<li>Chata Petrova bouda \u2013 najwy\u017cej po\u0142o\u017cona chata w Karkonoszach, od\u00a02004\u00a0roku na\u00a0Li\u015bcie Zabytk\u00f3w Republiki Czeskiej, w 2010\u00a0roku sp\u0142on\u0119\u0142a<\/li>\n<li>Formacje skalne Mu\u017esk\u00e9 a\u00a0D\u00edv\u010d\u00ed kameny<\/li>\n<li>Kamienny zamek Pevnost (Twierdza)<\/li>\n<\/ul>\n<h2>Szpindlerowy M\u0142yn &#8211; Horn\u00ed M\u00edse\u010dky<\/h2>\n<p><strong>D\u0142ugo\u015b\u0107 trasy 6,5km<\/strong><\/p>\n<p>Ze\u00a0Szpindlerowego M\u0142yna od\u00a0Bia\u0142ego Mostu \u2013 niebieskim szlakiem turystycznym w g\u00f3r\u0119 rzeki \u0141aby \u2013 do\u00a0kolejki linowej Medv\u011bd\u00edn \u2013 kolejk\u0105 na\u00a0g\u00f3rn\u0105 stacj\u0119 Medv\u011bd\u00edn (1235 m n.p.m.) \u2013 punkt widokowy \u0160m\u00eddova vyhl\u00eddka (panorama Karkonoszy) \u2013 \u017c\u00f3\u0142tym szlakiem turystycznym \u2013 czerwonym szlakiem turystycznym w kierunku na\u00a0Horn\u00ed M\u00edse\u010dky \u2013 Horn\u00ed M\u00edse\u010dky (1000 m n.p.m.)<\/p>\n<p><strong>Nast\u0119pnie:<\/strong><\/p>\n<ol>\n<li>a) czerwonym szlakiem turystycznym (Droga Wodna \u2013 Vodovodn\u00ed cesta) z\u00a0powrotem do\u00a0Szpindlerowego M\u0142yna (720 m n.p.m.)<\/li>\n<li>b) trasa rowerowa nr 12\u00a0\u2013 ponad torem bobslejowym \u2013 czerwonym szlakiem turystycznym do\u00a0restauracji U\u00a0Medv\u011bda \u2013 centrum Szpindlerowego M\u0142yna<\/li>\n<\/ol>\n<p><strong>Ciekawe miejsca na\u00a0szlaku:<\/strong><\/p>\n<ul>\n<li>Punkt widokowy \u0160m\u00eddova vyhl\u00eddka \u2013 panorama Karkonoszy<\/li>\n<li>Horn\u00ed M\u00edse\u010dky \u2013 widok na\u00a0kocio\u0142 polodowcowy Koteln\u00ed j\u00e1my<\/li>\n<\/ul>\n<h2>Szpindlerowy M\u0142yn &#8211; Pl\u00e1n\u011b<\/h2>\n<p><strong>D\u0142ugo\u015b\u0107 trasy 4\u00a0km\u00a0<\/strong><\/p>\n<p>Z\u00a0centrum Szpindlerowego M\u0142yna \u2013 hotel Lomnice \u2013 w prawo przez most \u2013 \u010cesk\u00e1 hospoda \u2013 niebieskim szlakiem turystycznym do\u00a0kompleksu narciarskiego Skiare\u00e1l Sv.\u00a0Petr \u2013 kolejk\u0105 linow\u0105 na\u00a0Pl\u00e1n\u011b \u2013 z\u00a0g\u00f3rnej stacji kolejki (1195 m n.p.m.) \u2013 zielonym szlakiem turystycznym \u2013 z\u00a0powrotem do\u00a0centrum Szpindlerowego M\u0142yna<\/p>\n","protected":false},"excerpt":{"rendered":"<p>Szlaki turystyczne wok\u00f3\u0142 Szpindlerowego M\u0142yna \u0160pindler\u016fv Ml\u00fdn &#8211; p\u0159ehrada Labsk\u00e1 D\u0142ugo\u015b\u0107 trasy 7\u00a0km Z\u00a0centrum Szpindlerowego M\u0142yna od\u00a0baru Staro\u010desk\u00e1 hospoda zielonym szlakiem turystycznym \u2013 obok chaty Tabulov\u00e1 bouda (750 m n.p.m.) \u2013 do\u00a0grobli Zapory na\u00a0\u0141abie (Labsk\u00e1 p\u0159ehrada \u2013 700\u00a0m n.p.m.) \u2013 przechodzimy przez grobl\u0119 \u2013 kontynuujemy spacer niebieskim szlakiem turystycznym \u2013 przechodzimy przez drog\u0119 i\u00a0skr\u0119camy w lewo w stron\u0119 hotelu Arnika \u2013 ponad hotelem Arnika przechodzimy na\u00a0zielony szlak turystyczny (775 m n.p.m.) \u2013 nast\u0119pnie w prawo przez chaty Krausovy boudy (Labsk\u00e1) \u2013 na\u00a0punkt widokowy Labsk\u00e1 vyhl\u00eddka (810 m n.p.m.) \u2013 nast\u0119pnie zielonym szlakiemko\u0142o hotelu Lesana \u2013 z\u00a0powrotem do\u00a0Szpindlerowego M\u0142yna Ciekawe miejsca na\u00a0szlaku: Grobla zosta\u0142a zbudowana przez Franciszka J\u00f3zefa I\u00a0w latach 1910\u20131914 i\u00a0utrzymuje nawet 3,5 mln m3 wody Wielbiciele adrenaliny mog\u0105 tu spr\u00f3bowa\u0107 tzw. zjazdu tyrolk\u0105 \u2013 zjazdu na\u00a0linie o\u00a0d\u0142ugo\u015bci 125\u00a0m z\u00a0wysoko\u015bci 30\u00a0m Dolin\u0105 Bia\u0142ej \u0141aby \u2028D\u0142ugo\u015b\u0107 trasy 10\u00a0km Z\u00a0centrum Szpindlerowego M\u0142yna od\u00a0Bia\u0142ego Mostu \u2013 niebieskim szlakiem turystycznym \u2013 w g\u00f3r\u0119 rzeki \u0141aby \u2013 ko\u0142o kolejki linowej na\u00a0Medv\u011bd\u00edn \u2013 w kierunku chaty KRNAP \u2013 nast\u0119pnie w prawo do\u00a0punktu D\u00edv\u010d\u00ed l\u00e1vky (780 m n.p.m.) \u2013 Drog\u0105 Webera (Weberova cesta) \u2013 w kierunku chaty Bouda U\u00a0B\u00edl\u00e9ho Labe \u2013 nast\u0119pnie \u017c\u00f3\u0142tym szlakiem turystycznym \u2013 z\u00a0powrotem do\u00a0Szpindlerowego M\u0142yna Ciekawe miejsca na\u00a0szlaku: \u015acie\u017cka edukacyjna \u010cert\u016fv d\u016fl (Diabelska [&hellip;]<\/p>\n","protected":false},"author":2,"featured_media":0,"parent":0,"menu_order":0,"comment_status":"closed","ping_status":"open","template":"page-fullwidth.php","meta":{"_exactmetrics_skip_tracking":false,"_exactmetrics_sitenote_active":false,"_exactmetrics_sitenote_note":"","_exactmetrics_sitenote_category":0,"footnotes":""},"class_list":["post-1530","page","type-page","status-publish","hentry"],"_links":{"self":[{"href":"https:\/\/www.alpskyhotel.cz\/pl\/index.php?rest_route=\/wp\/v2\/pages\/1530","targetHints":{"allow":["GET"]}}],"collection":[{"href":"https:\/\/www.alpskyhotel.cz\/pl\/index.php?rest_route=\/wp\/v2\/pages"}],"about":[{"href":"https:\/\/www.alpskyhotel.cz\/pl\/index.php?rest_route=\/wp\/v2\/types\/page"}],"author":[{"embeddable":true,"href":"https:\/\/www.alpskyhotel.cz\/pl\/index.php?rest_route=\/wp\/v2\/users\/2"}],"replies":[{"embeddable":true,"href":"https:\/\/www.alpskyhotel.cz\/pl\/index.php?rest_route=%2Fwp%2Fv2%2Fcomments&post=1530"}],"version-history":[{"count":2,"href":"https:\/\/www.alpskyhotel.cz\/pl\/index.php?rest_route=\/wp\/v2\/pages\/1530\/revisions"}],"predecessor-version":[{"id":1532,"href":"https:\/\/www.alpskyhotel.cz\/pl\/index.php?rest_route=\/wp\/v2\/pages\/1530\/revisions\/1532"}],"wp:attachment":[{"href":"https:\/\/www.alpskyhotel.cz\/pl\/index.php?rest_route=%2Fwp%2Fv2%2Fmedia&parent=1530"}],"curies":[{"name":"wp","href":"https:\/\/api.w.org\/{rel}","templated":true}]}}