{"id":1526,"date":"2015-11-08T05:01:31","date_gmt":"2015-11-08T03:01:31","guid":{"rendered":"http:\/\/www.alpskyhotel.cz\/pl\/?page_id=1526"},"modified":"2015-11-08T05:14:59","modified_gmt":"2015-11-08T03:14:59","slug":"szpindlerowy-mlyn","status":"publish","type":"page","link":"https:\/\/www.alpskyhotel.cz\/pl?page_id=1526","title":{"rendered":"Miasto Szindler\u00f3w M\u0142yn i okolice"},"content":{"rendered":"<h1>Szpindlerowy M\u0142yn<\/h1>\n<p>Najbardziej znany czeski kurort g\u00f3rski <a href=\"http:\/\/www.alpskyhotel.cz\/pl\/szpindlerowy-mlyn\/\">Szpindlerowy M\u0142yn<\/a> (\u0160pindler\u016fv Ml\u00fdn) jest nie tylko najwi\u0119kszym o\u015brodkiem g\u00f3rskim w Karkonoszach, ale te\u017c najwi\u0119kszym i\u00a0najbardziej znanym w Czechach.<\/p>\n<p>Le\u017cy na\u00a0wysoko\u015bci 575\u20131555\u00a0m n.p.m. nad\u00a0rzek\u0105 \u0141ab\u0105, tylko kilka kilometr\u00f3w od\u00a0jej \u017ar\u00f3d\u0142a, w samym sercu najwy\u017cszych czeskich g\u00f3r \u2013 Karkonoszy. Osobliwy urok tutejszych g\u00f3r, dzi\u015b pod\u00a0ochron\u0105 Karkonoskiego Parku Narodowego, od\u00a0wiek\u00f3w jest podziwiany przez odwiedzaj\u0105cych.<\/p>\n<p><a href=\"http:\/\/www.alpskyhotel.cz\/pl\/szpindlerowy-mlyn\/\">Szpindlerowy M\u0142yn<\/a> to odpowiednie miejsce zar\u00f3wno na\u00a0rodzinne wakacje, jak r\u00f3wnie\u017c na\u00a0spotkanie biznesowe lub turystyk\u0119 konferencyjn\u0105. Co\u015b dla siebie znajd\u0105 tu zar\u00f3wno zwolennicy spokojnego relaksu w g\u00f3rskiej scenerii, jak i\u00a0wielbiciele sportu czy rozrywki, a\u00a0tak\u017ce mi\u0142o\u015bnicy modnych hoteli g\u00f3rskich.<\/p>\n<p>Od wiosny do\u00a0jesieni mo\u017cna tu podziwia\u0107 pi\u0119kno g\u00f3rskich potok\u00f3w i\u00a0grzbiet\u00f3w \u2013 pieszo, na\u00a0rowerze czy te\u017c konno. W zimie mo\u017cna tu znale\u017a\u0107 najlepiej wyposa\u017cony o\u015brodek narciarski w Czechach z\u00a025 kilometrami tras narciarskich, 3\u00a0snowparkami i\u00a085 kilometrami tras do\u00a0narciarstwa biegowego. Przez ca\u0142y rok oferujemy bogate prze\u017cycia zwi\u0105zane ze\u00a0sportem, ekstremaln\u0105 rozrywk\u0105 czy odnow\u0105 biologiczn\u0105, a\u00a0w godzinach wieczornych mi\u0142o sp\u0119dzony czas w jednym z\u00a0wielu pub\u00f3w i\u00a0luksusowych restauracji. Tradycyjnie s\u0105 tu organizowane imprezy sportowe o\u00a0znaczeniu mi\u0119dzynarodowym i\u00a0\u015bwiatowym. Tutaj ka\u017cdy znajdzie co\u015b dla siebie.<br \/>\nNie czekaj i\u00a0odkryj wyj\u0105tkow\u0105 atmosfer\u0119 tego miejsca. Uwa\u017cni i\u00a0roztropni tury\u015bci s\u0105 u\u00a0nas zawsze mile widziani.<\/p>\n<h1><strong>Karkonosze<\/strong><\/h1>\n<p style=\"text-align: justify;\"><a href=\"http:\/\/www.alpskyhotel.cz\/pl\/szpindlerowy-mlyn\/\">Szpindlerowy M\u0142yn<\/a>\u00a0jest otoczony ze\u00a0wszystkich stron przez g\u00f3ry, kt\u00f3re s\u0105 znane ze\u00a0swojej wyj\u0105tkowo\u015bci. Najwy\u017csze partie Karkonoszy (Krkono\u0161e) s\u0105 unikatowe dla przyrodnik\u00f3w, kt\u00f3rzy czasem nazywaj\u0105 je arktyczn\u0105 wysp\u0105 po\u015brodku Europy. Nie chodzi tylko o\u00a0surowy klimat, kt\u00f3ry panuje na\u00a0g\u00f3rskich szczytach \u2013 grzbiety graniczne stanowi\u0105 pierwsz\u0105 barier\u0119, kt\u00f3ra stoi na\u00a0drodze wiatr\u00f3w wiej\u0105cych od\u00a0zimnych m\u00f3rz na\u00a0p\u00f3\u0142nocy i\u00a0p\u00f3\u0142nocnym zachodzie \u2013 ale r\u00f3wnie\u017c o\u00a0uderzaj\u0105ce podobie\u0144stwo rze\u017aby terenu i\u00a0tutejszej przyrody do\u00a0g\u00f3r skandynawskich daleko na\u00a0p\u00f3\u0142nocy kontynentu. Podczas ostatniej epoki lodowcowej przyby\u0142y tu z\u00a0Arktyki ro\u015bliny i\u00a0zwierz\u0119ta, kt\u00f3re zosta\u0142y tu po\u00a0dzi\u015b dzie\u0144, nawet po\u00a0ociepleniu, w\u0142a\u015bnie ze\u00a0wzgl\u0119du na\u00a0zimny klimat szczyt\u00f3w karkonoskich g\u00f3r. Uwa\u017cni obserwatorzy us\u0142ysz\u0105 na\u00a0przyk\u0142ad na\u00a0torfowisku \u00dapsk\u00e9 ra\u0161elini\u0161t\u011b pod\u00a0\u015anie\u017ck\u0105 pi\u0119kny g\u0142os podr\u00f3\u017cniczka lub zauwa\u017c\u0105 niepozorn\u0105 moroszk\u0119 \u2013 a\u00a0to tylko dwa przyk\u0142ady dawnych przybysz\u00f3w z\u00a0p\u00f3\u0142nocy, kt\u00f3rzy si\u0119 tutaj osiedlili. Niezwykle ciekawe s\u0105 r\u00f3wnie\u017c zbocza i\u00a0dna kar\u00f3w \u2013 dolin wyrze\u017abionych przez lodowiec, kt\u00f3re jak lejki zbiera\u0142y r\u00f3\u017cnorodn\u0105 mieszanin\u0119 ro\u015blin i\u00a0niewielkich zwierz\u0105t, przywianych przez wiatry z\u00a0r\u00f3\u017cnych stron \u015bwiata. Ni\u017csze zbocza g\u00f3r stanowi\u0105 za\u015b interesuj\u0105cy i\u00a0osobliwy krajobraz, kt\u00f3ry powsta\u0142 na\u00a0skutek wiek\u00f3w interakcji mi\u0119dzy natur\u0105 i\u00a0lud\u017ami buduj\u0105cymi tu chaty zwane boudami. Istnieje tak wiele powod\u00f3w, dla kt\u00f3rych lokalny krajobraz od\u00a01963 r. pozostaje pod\u00a0ochron\u0105 Karkonoskiego Parku Narodowego. Pom\u00f3\u017c nam zachowa\u0107 go dla przysz\u0142ych pokole\u0144&#8230;<\/p>\n<p style=\"text-align: justify;\">\n","protected":false},"excerpt":{"rendered":"<p>Szpindlerowy M\u0142yn Najbardziej znany czeski kurort g\u00f3rski Szpindlerowy M\u0142yn (\u0160pindler\u016fv Ml\u00fdn) jest nie tylko najwi\u0119kszym o\u015brodkiem g\u00f3rskim w Karkonoszach, ale te\u017c najwi\u0119kszym i\u00a0najbardziej znanym w Czechach. Le\u017cy na\u00a0wysoko\u015bci 575\u20131555\u00a0m n.p.m. nad\u00a0rzek\u0105 \u0141ab\u0105, tylko kilka kilometr\u00f3w od\u00a0jej \u017ar\u00f3d\u0142a, w samym sercu najwy\u017cszych czeskich g\u00f3r \u2013 Karkonoszy. Osobliwy urok tutejszych g\u00f3r, dzi\u015b pod\u00a0ochron\u0105 Karkonoskiego Parku Narodowego, od\u00a0wiek\u00f3w jest podziwiany przez odwiedzaj\u0105cych. Szpindlerowy M\u0142yn to odpowiednie miejsce zar\u00f3wno na\u00a0rodzinne wakacje, jak r\u00f3wnie\u017c na\u00a0spotkanie biznesowe lub turystyk\u0119 konferencyjn\u0105. Co\u015b dla siebie znajd\u0105 tu zar\u00f3wno zwolennicy spokojnego relaksu w g\u00f3rskiej scenerii, jak i\u00a0wielbiciele sportu czy rozrywki, a\u00a0tak\u017ce mi\u0142o\u015bnicy modnych hoteli g\u00f3rskich. Od wiosny do\u00a0jesieni mo\u017cna tu podziwia\u0107 pi\u0119kno g\u00f3rskich potok\u00f3w i\u00a0grzbiet\u00f3w \u2013 pieszo, na\u00a0rowerze czy te\u017c konno. W zimie mo\u017cna tu znale\u017a\u0107 najlepiej wyposa\u017cony o\u015brodek narciarski w Czechach z\u00a025 kilometrami tras narciarskich, 3\u00a0snowparkami i\u00a085 kilometrami tras do\u00a0narciarstwa biegowego. Przez ca\u0142y rok oferujemy bogate prze\u017cycia zwi\u0105zane ze\u00a0sportem, ekstremaln\u0105 rozrywk\u0105 czy odnow\u0105 biologiczn\u0105, a\u00a0w godzinach wieczornych mi\u0142o sp\u0119dzony czas w jednym z\u00a0wielu pub\u00f3w i\u00a0luksusowych restauracji. Tradycyjnie s\u0105 tu organizowane imprezy sportowe o\u00a0znaczeniu mi\u0119dzynarodowym i\u00a0\u015bwiatowym. Tutaj ka\u017cdy znajdzie co\u015b dla siebie. Nie czekaj i\u00a0odkryj wyj\u0105tkow\u0105 atmosfer\u0119 tego miejsca. Uwa\u017cni i\u00a0roztropni tury\u015bci s\u0105 u\u00a0nas zawsze mile widziani. Karkonosze Szpindlerowy M\u0142yn\u00a0jest otoczony ze\u00a0wszystkich stron przez g\u00f3ry, kt\u00f3re s\u0105 znane ze\u00a0swojej [&hellip;]<\/p>\n","protected":false},"author":2,"featured_media":0,"parent":0,"menu_order":0,"comment_status":"closed","ping_status":"open","template":"page.php","meta":{"_exactmetrics_skip_tracking":false,"_exactmetrics_sitenote_active":false,"_exactmetrics_sitenote_note":"","_exactmetrics_sitenote_category":0,"footnotes":""},"class_list":["post-1526","page","type-page","status-publish","hentry"],"_links":{"self":[{"href":"https:\/\/www.alpskyhotel.cz\/pl\/index.php?rest_route=\/wp\/v2\/pages\/1526","targetHints":{"allow":["GET"]}}],"collection":[{"href":"https:\/\/www.alpskyhotel.cz\/pl\/index.php?rest_route=\/wp\/v2\/pages"}],"about":[{"href":"https:\/\/www.alpskyhotel.cz\/pl\/index.php?rest_route=\/wp\/v2\/types\/page"}],"author":[{"embeddable":true,"href":"https:\/\/www.alpskyhotel.cz\/pl\/index.php?rest_route=\/wp\/v2\/users\/2"}],"replies":[{"embeddable":true,"href":"https:\/\/www.alpskyhotel.cz\/pl\/index.php?rest_route=%2Fwp%2Fv2%2Fcomments&post=1526"}],"version-history":[{"count":3,"href":"https:\/\/www.alpskyhotel.cz\/pl\/index.php?rest_route=\/wp\/v2\/pages\/1526\/revisions"}],"predecessor-version":[{"id":1538,"href":"https:\/\/www.alpskyhotel.cz\/pl\/index.php?rest_route=\/wp\/v2\/pages\/1526\/revisions\/1538"}],"wp:attachment":[{"href":"https:\/\/www.alpskyhotel.cz\/pl\/index.php?rest_route=%2Fwp%2Fv2%2Fmedia&parent=1526"}],"curies":[{"name":"wp","href":"https:\/\/api.w.org\/{rel}","templated":true}]}}