{"id":566,"date":"2014-02-19T10:53:55","date_gmt":"2014-02-19T08:53:55","guid":{"rendered":"http:\/\/localhost\/alpskyhotel.cz\/?page_id=566"},"modified":"2022-08-08T07:36:28","modified_gmt":"2022-08-08T05:36:28","slug":"uvodni-stranka","status":"publish","type":"page","link":"https:\/\/www.alpskyhotel.cz\/","title":{"rendered":"\u00davodn\u00ed str\u00e1nka"},"content":{"rendered":"","protected":false},"excerpt":{"rendered":"","protected":false},"author":2,"featured_media":0,"parent":0,"menu_order":0,"comment_status":"closed","ping_status":"closed","template":"home-page.php","meta":{"_exactmetrics_skip_tracking":false,"_exactmetrics_sitenote_active":false,"_exactmetrics_sitenote_note":"","_exactmetrics_sitenote_category":0,"footnotes":""},"class_list":["post-566","page","type-page","status-publish","hentry"],"_links":{"self":[{"href":"https:\/\/www.alpskyhotel.cz\/index.php?rest_route=\/wp\/v2\/pages\/566","targetHints":{"allow":["GET"]}}],"collection":[{"href":"https:\/\/www.alpskyhotel.cz\/index.php?rest_route=\/wp\/v2\/pages"}],"about":[{"href":"https:\/\/www.alpskyhotel.cz\/index.php?rest_route=\/wp\/v2\/types\/page"}],"author":[{"embeddable":true,"href":"https:\/\/www.alpskyhotel.cz\/index.php?rest_route=\/wp\/v2\/users\/2"}],"replies":[{"embeddable":true,"href":"https:\/\/www.alpskyhotel.cz\/index.php?rest_route=%2Fwp%2Fv2%2Fcomments&post=566"}],"version-history":[{"count":2,"href":"https:\/\/www.alpskyhotel.cz\/index.php?rest_route=\/wp\/v2\/pages\/566\/revisions"}],"predecessor-version":[{"id":3533,"href":"https:\/\/www.alpskyhotel.cz\/index.php?rest_route=\/wp\/v2\/pages\/566\/revisions\/3533"}],"wp:attachment":[{"href":"https:\/\/www.alpskyhotel.cz\/index.php?rest_route=%2Fwp%2Fv2%2Fmedia&parent=566"}],"curies":[{"name":"wp","href":"https:\/\/api.w.org\/{rel}","templated":true}]}}