{"id":1174,"date":"2015-08-11T17:33:52","date_gmt":"2015-08-11T15:33:52","guid":{"rendered":"http:\/\/www.alpskyhotel.cz\/test\/?page_id=1174"},"modified":"2015-09-10T00:32:51","modified_gmt":"2015-09-09T22:32:51","slug":"spindleruv-mlyn","status":"publish","type":"page","link":"https:\/\/www.alpskyhotel.cz\/?page_id=1174","title":{"rendered":"m\u011bsto \u0160pindler\u016fv Ml\u00fdn"},"content":{"rendered":"<h1>\u0160pindler\u016fv Ml\u00fdn<\/h1>\n<p style=\"text-align: justify;\">Nejzn\u00e1m\u011bj\u0161\u00ed \u010desk\u00e9 horsk\u00e9 st\u0159edisko <a href=\"http:\/\/www.alpskyhotel.cz\/spindleruv-mlyn\/ \u200e\">\u0160pindler\u016fv Ml\u00fdn<\/a> je nejen nejv\u011bt\u0161\u00ed horsk\u00e9 st\u0159edisko v <a href=\"http:\/\/www.alpskyhotel.cz\/spindleruv-mlyn\/\">Krkono\u0161\u00edch<\/a>, ale tak\u00e9 nejv\u011bt\u0161\u00ed a nejzn\u00e1m\u011bj\u0161\u00ed v cel\u00e9 \u010cesk\u00e9 republice.<br \/>\nLe\u017e\u00ed v nadmo\u0159sk\u00e9 v\u00fd\u0161ce 575 \u2013 1555 m na \u0159ece Labe, jen n\u011bkolik kilometr\u016f od jej\u00edho pramene, p\u0159\u00edmo v srdci <a href=\"http:\/\/www.alpskyhotel.cz\/spindleruv-mlyn\/\">nejvy\u0161\u0161\u00edch \u010desk\u00fdch hor Krkono\u0161<\/a>. Sv\u00e9r\u00e1zn\u00e9 kouzlo zdej\u0161\u00edch hor, dnes chr\u00e1n\u011bn\u00e9 <a href=\"http:\/\/www.alpskyhotel.cz\/spindleruv-mlyn\/\">Krkono\u0161sk\u00fdm n\u00e1rodn\u00edm parkem<\/a>, obdivuj\u00ed n\u00e1v\u0161t\u011bvn\u00edci ji\u017e po stalet\u00ed.<br \/>\n<a href=\"http:\/\/www.alpskyhotel.cz\/spindleruv-mlyn\/ \u200e\">\u0160pindler\u016fv Ml\u00fdn<\/a> je vhodn\u00fdm m\u00edstem jak pro rodinnou dovolenou tak pro obchodn\u00ed setk\u00e1n\u00ed \u010di kongresovou turistiku. Na sv\u00e9 si tady p\u0159ijdou jak zast\u00e1nci poklidn\u00e9 relaxace uprost\u0159ed horsk\u00e9 p\u0159\u00edrody, tak p\u0159\u00edznivci sport\u016f \u010di z\u00e1bavy stejn\u011b jako milovn\u00edci mond\u00e9nn\u00edch <a href=\"http:\/\/www.alpskyhotel.cz\/o-hotelu\/\">horsk\u00fdch hotel\u016f<\/a>.<br \/>\nOd jara do podzimu si tady m\u016f\u017eete vychutn\u00e1vat kr\u00e1su horsk\u00fdch \u0159\u00ed\u010dek a h\u0159eben\u016f &#8211; p\u011b\u0161ky nebo ze sedla kola \u010di kon\u011b. V zim\u011b tu naleznete nejl\u00e9pe vybaven\u00e9 ly\u017ea\u0159sk\u00e9 st\u0159edisko \u010cesk\u00e9 republiky s 25 km sjezdov\u00fdch trat\u00ed, 3 snowparky a 85 km b\u011b\u017eeck\u00fdch trat\u00ed. Po cel\u00fd rok m\u016f\u017eete vyu\u017e\u00edt \u0159ady mo\u017enost\u00ed pro sportov\u00e1n\u00ed, adrenalinov\u00e9 z\u00e1\u017eitky \u010di <a href=\"http:\/\/www.alpskyhotel.cz\/wellness\/\">wellness<\/a>\u00a0a ve\u010der posed\u011bt v n\u011bkter\u00e9 z mnoha hosp\u016fdek i <a href=\"http:\/\/www.alpskyhotel.cz\/restaurace-republika-1920\/\">luxusn\u00edch restaurac\u00ed<\/a>. Jsou zde tradi\u010dn\u011b po\u0159\u00e1d\u00e1ny sportovn\u00ed akce mezin\u00e1rodn\u00edho a sv\u011btov\u00e9ho v\u00fdznamu. Ka\u017ed\u00fd si tady dozajista najde to sv\u00e9.<br \/>\nNev\u00e1hejte prozkoumat jedine\u010dnou atmosf\u00e9ru tohoto m\u00edsta. Pozorn\u00ed a ohledupln\u00ed n\u00e1v\u0161t\u011bvn\u00edci jsou v\u0159ele v\u00edt\u00e1ni.<\/p>\n<h1>Krkono\u0161e<\/h1>\n<p style=\"text-align: justify;\"><a href=\"http:\/\/www.alpskyhotel.cz\/spindleruv-mlyn\/ \u200e\">\u0160pindler\u016fv Ml\u00fdn<\/a> obklopuj\u00ed ze v\u0161ech stran hory, kter\u00e9 jsou zn\u00e1m\u00e9 svou jedine\u010dnost\u00ed. Vrcholov\u00e9 partie <a href=\"http:\/\/www.alpskyhotel.cz\/spindleruv-mlyn\/\">Krkono\u0161<\/a> jsou unik\u00e1tn\u00ed pro p\u0159\u00edrodov\u011bdce, kte\u0159\u00ed jim n\u011bkdy \u0159\u00edkaj\u00ed ostrov Arktidy uprost\u0159ed Evropy. Nen\u00ed to jen kv\u016fli drsn\u00e9mu klimatu kter\u00e9 panuje na vrcholech &#8211; hrani\u010dn\u00ed h\u0159ebeny jsou prvn\u00ed bari\u00e9rou, kter\u00e1 stoj\u00ed v cest\u011b v\u011btr\u016fm vanouc\u00edm od studen\u00fdch mo\u0159\u00ed na severu a severoz\u00e1pad\u011b &#8211; ale tak\u00e9 d\u00edky n\u00e1padn\u00e9 podobnosti reli\u00e9fu hor a jejich p\u0159\u00edrody se Skandin\u00e1vsk\u00fdmi horami daleko na severu. P\u0159i posledn\u00edch dob\u00e1ch ledov\u00fdch sem z Arktidy p\u0159i\u0161ly rostliny a \u017eivo\u010dichov\u00e9 a z\u016fstaly tady dodnes i po oteplen\u00ed, pr\u00e1v\u011b d\u00edky studen\u00e9mu podneb\u00ed na vrcholc\u00edch. Budete-li pozorn\u00ed, zaslechnete nap\u0159\u00edklad na \u00dapsk\u00e9m ra\u0161elini\u0161ti pod Sn\u011b\u017ekou kr\u00e1sn\u00fd hlas slav\u00edka modr\u00e1\u010dka tundrov\u00e9ho nebo zahl\u00e9dnete nen\u00e1padn\u00fd ostru\u017ein\u00edk moru\u0161ku &#8211; to jsou jen dva p\u0159\u00edklady d\u00e1vn\u00fdch n\u00e1v\u0161t\u011bvn\u00edk\u016f ze severu, kte\u0159\u00ed se tu zabydleli.<br \/>\nNesm\u00edrn\u011b zaj\u00edmav\u00e9 jsou tak\u00e9 svahy a dna kar\u016f &#8211; ledovci vyhlouben\u00fdch \u00fadol\u00ed, do nich\u017e jako do trycht\u00fd\u0159\u016f popadala pestr\u00e1 sm\u011bsice rostlin a mal\u00fdch \u017eivo\u010dich\u016f, kter\u00e9 v\u011btry p\u0159ivanuly z r\u016fzn\u00fdch kon\u010din.<br \/>\nNi\u017e\u0161\u00ed svahy hor jsou zase zaj\u00edmav\u00e9 sv\u00e9r\u00e1znou krajinou, kter\u00e1 vznikala po stalet\u00ed vz\u00e1jemn\u00fdm p\u016fsoben\u00edm p\u0159\u00edrody a budn\u00edho hospoda\u0159en\u00ed \u010dlov\u011bka.<br \/>\nJe tak mnoho d\u016fvod\u016f, pro\u010d je m\u00edstn\u00ed krajina od roku 1963 chr\u00e1n\u011bna <a href=\"http:\/\/www.alpskyhotel.cz\/spindleruv-mlyn\/\">Krkono\u0161sk\u00fdm n\u00e1rodn\u00edm parkem<\/a>. Pomozte n\u00e1m ji udr\u017eet pro dal\u0161\u00ed pokolen\u00ed i vy&#8230;<\/p>\n","protected":false},"excerpt":{"rendered":"<p>\u0160pindler\u016fv Ml\u00fdn Nejzn\u00e1m\u011bj\u0161\u00ed \u010desk\u00e9 horsk\u00e9 st\u0159edisko \u0160pindler\u016fv Ml\u00fdn je nejen nejv\u011bt\u0161\u00ed horsk\u00e9 st\u0159edisko v Krkono\u0161\u00edch, ale tak\u00e9 nejv\u011bt\u0161\u00ed a nejzn\u00e1m\u011bj\u0161\u00ed v cel\u00e9 \u010cesk\u00e9 republice. Le\u017e\u00ed v nadmo\u0159sk\u00e9 v\u00fd\u0161ce 575 \u2013 1555 m na \u0159ece Labe, jen n\u011bkolik kilometr\u016f od jej\u00edho pramene, p\u0159\u00edmo v srdci nejvy\u0161\u0161\u00edch \u010desk\u00fdch hor Krkono\u0161. Sv\u00e9r\u00e1zn\u00e9 kouzlo zdej\u0161\u00edch hor, dnes chr\u00e1n\u011bn\u00e9 Krkono\u0161sk\u00fdm n\u00e1rodn\u00edm parkem, obdivuj\u00ed n\u00e1v\u0161t\u011bvn\u00edci ji\u017e po stalet\u00ed. \u0160pindler\u016fv Ml\u00fdn je vhodn\u00fdm m\u00edstem jak pro rodinnou dovolenou tak pro obchodn\u00ed setk\u00e1n\u00ed \u010di kongresovou turistiku. Na sv\u00e9 si tady p\u0159ijdou jak zast\u00e1nci poklidn\u00e9 relaxace uprost\u0159ed horsk\u00e9 p\u0159\u00edrody, tak p\u0159\u00edznivci sport\u016f \u010di z\u00e1bavy stejn\u011b jako milovn\u00edci mond\u00e9nn\u00edch horsk\u00fdch hotel\u016f. Od jara do podzimu si tady m\u016f\u017eete vychutn\u00e1vat kr\u00e1su horsk\u00fdch \u0159\u00ed\u010dek a h\u0159eben\u016f &#8211; p\u011b\u0161ky nebo ze sedla kola \u010di kon\u011b. V zim\u011b tu naleznete nejl\u00e9pe vybaven\u00e9 ly\u017ea\u0159sk\u00e9 st\u0159edisko \u010cesk\u00e9 republiky s 25 km sjezdov\u00fdch trat\u00ed, 3 snowparky a 85 km b\u011b\u017eeck\u00fdch trat\u00ed. Po cel\u00fd rok m\u016f\u017eete vyu\u017e\u00edt \u0159ady mo\u017enost\u00ed pro sportov\u00e1n\u00ed, adrenalinov\u00e9 z\u00e1\u017eitky \u010di wellness\u00a0a ve\u010der posed\u011bt v n\u011bkter\u00e9 z mnoha hosp\u016fdek i luxusn\u00edch restaurac\u00ed. Jsou zde tradi\u010dn\u011b po\u0159\u00e1d\u00e1ny sportovn\u00ed akce mezin\u00e1rodn\u00edho a sv\u011btov\u00e9ho v\u00fdznamu. Ka\u017ed\u00fd si tady dozajista najde to sv\u00e9. Nev\u00e1hejte prozkoumat jedine\u010dnou atmosf\u00e9ru tohoto m\u00edsta. Pozorn\u00ed a ohledupln\u00ed n\u00e1v\u0161t\u011bvn\u00edci jsou v\u0159ele v\u00edt\u00e1ni. Krkono\u0161e \u0160pindler\u016fv Ml\u00fdn [&hellip;]<\/p>\n","protected":false},"author":2,"featured_media":0,"parent":0,"menu_order":0,"comment_status":"closed","ping_status":"open","template":"page.php","meta":{"_exactmetrics_skip_tracking":false,"_exactmetrics_sitenote_active":false,"_exactmetrics_sitenote_note":"","_exactmetrics_sitenote_category":0,"footnotes":""},"class_list":["post-1174","page","type-page","status-publish","hentry"],"_links":{"self":[{"href":"https:\/\/www.alpskyhotel.cz\/index.php?rest_route=\/wp\/v2\/pages\/1174","targetHints":{"allow":["GET"]}}],"collection":[{"href":"https:\/\/www.alpskyhotel.cz\/index.php?rest_route=\/wp\/v2\/pages"}],"about":[{"href":"https:\/\/www.alpskyhotel.cz\/index.php?rest_route=\/wp\/v2\/types\/page"}],"author":[{"embeddable":true,"href":"https:\/\/www.alpskyhotel.cz\/index.php?rest_route=\/wp\/v2\/users\/2"}],"replies":[{"embeddable":true,"href":"https:\/\/www.alpskyhotel.cz\/index.php?rest_route=%2Fwp%2Fv2%2Fcomments&post=1174"}],"version-history":[{"count":5,"href":"https:\/\/www.alpskyhotel.cz\/index.php?rest_route=\/wp\/v2\/pages\/1174\/revisions"}],"predecessor-version":[{"id":1184,"href":"https:\/\/www.alpskyhotel.cz\/index.php?rest_route=\/wp\/v2\/pages\/1174\/revisions\/1184"}],"wp:attachment":[{"href":"https:\/\/www.alpskyhotel.cz\/index.php?rest_route=%2Fwp%2Fv2%2Fmedia&parent=1174"}],"curies":[{"name":"wp","href":"https:\/\/api.w.org\/{rel}","templated":true}]}}