{"id":1445,"date":"2015-08-11T18:00:48","date_gmt":"2015-08-11T16:00:48","guid":{"rendered":"http:\/\/www.alpskyhotel.cz\/de\/tipy-na-vylety\/"},"modified":"2015-10-02T16:28:11","modified_gmt":"2015-10-02T14:28:11","slug":"touristische-trassen","status":"publish","type":"page","link":"https:\/\/www.alpskyhotel.cz\/de?page_id=1445","title":{"rendered":"Touristische Trassen"},"content":{"rendered":"<h1>\u00a0Touristische Trassen &#8211;\u00a0Spindlerm\u00fchle<\/h1>\n<h3>\u0160pindler\u016fv Ml\u00fdn (Spindlerm\u00fchle) &#8211; Talsperre Labsk\u00e1 (Krausebauden-Talsperre)<\/h3>\n<p><strong>L\u00e4nge der Trasse 7\u00a0km<\/strong><\/p>\n<p>Von der Ortsmitte Spindlerm\u00fchle, vom Altb\u00f6hmischen Gasthaus, auf gr\u00fcn markiertem Wanderweg \u2013 \u00fcber die Tafelbauden (Tabulov\u00e9 boudy &#8211; 750\u00a0m \u00fc. M.) \u2013 zum Damm der Talsperre Labsk\u00e1 (700 m \u00fc. M.) \u2013 wir \u00fcberqueren den Damm \u2013 weiter\u00a0\u00a0<strong>blaue<\/strong>\u00a0Wandermarkierung \u2013 wir \u00fcberqueren die Stra\u00dfe und biegen links zum Hotel Arnika ab \u2013 oberhalb von\u00a0Arnika binden wir an die\u00a0<strong>gr\u00fcne<\/strong>Wandermarkierung (775 m \u00fc. M.) an \u2013 und setzen rechts \u00fcber die die Krausbauden (Krausovy boudy) (Labsk\u00e1) fort \u2013 zum Elbblick (\u00a0Labsk\u00e1 vyhl\u00eddka -810 m \u00fc. M.) \u2013 weiter auf\u00a0<strong>gr\u00fcner<\/strong>Markierungvorbei am Hotel Lesana \u2013 zur\u00fcck nach \u0160pindler\u016fv Ml\u00fdn<\/p>\n<p>&nbsp;<\/p>\n<p><strong>Sehenswertes auf der Strecke:\u00a0<\/strong><\/p>\n<ul>\n<li>Die Staumauer wurde durch Franz Josef I. in den Jahren 1910-1914 errichtet und h\u00e4lt bis zu 3,5 Mio. m<sup>3<\/sup>Wasser zur\u00fcck<\/li>\n<li>Die Extremsportbegeisterten k\u00f6nnen hier das Hin\u00fcberseilen versuchen \u2013 eine Fahrt an einem 125\u00a0m langen Seil in einer H\u00f6he von 30\u00a0m.<\/li>\n<\/ul>\n<h3><\/h3>\n<h3>Durch das Tal der Wei\u00dfen Elbe (B\u00edl\u00e9 Labe) \/ Wei\u00dfwassergrund<\/h3>\n<p><strong>L\u00e4nge der Trasse<\/strong>\u00a0<strong>10\u00a0km<\/strong><\/p>\n<p>Von der Ortsmitte Spindlerm\u00fchle, von der Wei\u00dfen Br\u00fccke\u2013 auf blau markiertem Wanderweg \u2013 gegen den Strom der Elbe \u2013 vorbei an der Seilbahn auf den Medv\u011bd\u00edn (Sch\u00fcsselberg) \u2013 Zur H\u00fctte des NPR \u2013 weiter nach rechts zu den M\u00e4delstegen (D\u00edv\u010d\u00ed l\u00e1vky &#8211; 780\u00a0m \u00fc. M.) \u2013 auf dem Weber-Weg \u2013 zur Baude U\u00a0B\u00edl\u00e9ho Labe (An der Wei\u00dfen Elbe)\u00a0 \u2013 weiter auf gelb markiertem Wanderweg &#8211; zur\u00fcck nach \u0160pindler\u016fv Ml\u00fdn<\/p>\n<p>&nbsp;<\/p>\n<p><strong>Sehenswertes auf der Strecke:\u00a0<\/strong><\/p>\n<ul>\n<li>Der Lehrpfad Teufelsgrund (\u010cert\u016fv d\u016fl) beginnt an der Baude U\u00a0B\u00edl\u00e9ho Labe (An der Wei\u00dfen Elbe) und verbirgt neben den Natursch\u00f6nheiten insbesondere das au\u00dfergew\u00f6hnlich erhaltene, \u00fcber 100\u00a0Jahre alte Deichbauwerk am Teufelsgraben (\u010certova strouha).<\/li>\n<\/ul>\n<h3><\/h3>\n<h3>Durch den Elbgrund (Labsk\u00fd d\u016fl)<\/h3>\n<p><strong>L\u00e4nge der Trasse<\/strong><strong>\u00a09\u00a0km<\/strong><\/p>\n<p>Von der Ortsmitte Spindlerm\u00fchle, von der Wei\u00dfen Br\u00fccke\u2013 auf\u00a0<strong>blau<\/strong>\u00a0markiertem Wanderweg \u2013 gegen den Strom der Elbe \u2013 vorbei an der Seilbahn Medv\u011bd\u00edn (Sch\u00fcsselberg) \u2013 von der H\u00fctte des NPR immer geradeaus auf\u00a0<strong>blauer<\/strong>\u00a0Markierung \u2013 an das Ende des Elbgrundes \u2013 zur\u00fcck ins\u00a0Zentrum von \u0160pindler\u016fv Ml\u00fdn<\/p>\n<p>&nbsp;<\/p>\n<p><strong>Sehenswertes auf der Strecke:\u00a0<\/strong><\/p>\n<ul>\n<li>Elbkaskaden \u2013 Kleiner Elbfall, Pudelfall (Pudlavsk\u00fd vodop\u00e1d) , Ausblick auf den Pantschefall<\/li>\n<\/ul>\n<h3>Die Bauden von Spindlerm\u00fchle<\/h3>\n<p><strong>L\u00e4nge der Trasse<\/strong>\u00a0<strong>12\u00a0km<\/strong><\/p>\n<p>Vom Busbahnhof mit dem Bus zur Spindlerbaude (1198 m \u00fc. M.) \u2013 auf\u00a0<strong>rot<\/strong>\u00a0markiertem Wanderweg zur Peterbaude (Petrova bouda -1338 m \u00fc. M.) \u2013 M\u00e4del- und Mannsteine (D\u00edv\u010d\u00ed a\u00a0Mu\u017esk\u00e9 kameny) \u2013 Bergsattel oberhalb der Martinsbaude \u2013 an der Wegscheide auf blau markiertem Wanderweg zur Martinsbaude (1 259\u00a0m \u00fc. M.) \u2013 Br\u00e1dler- (Fu\u010d\u00edk-) Baude (1 063\u00a0m \u00fc. M.) \u2013 auf gelb markiertem Wanderweg zu den B\u00e4renbauden (Medv\u011bd\u00ed Boudy -1 075\u00a0m \u00fc. M.) \u2013 auf blau markiertem Wanderweg zu den David-Bauden (Davidovy Boudy &#8211; 1\u00a0025\u00a0m \u00fc. M.) \u2013 auf gelb markiertem Wanderweg M\u00e4delstege (D\u00edv\u010d\u00ed l\u00e1vky) \u2013 auf dem Wege zu den M\u00e4delstegen k\u00f6nnen Sie an der Steinburg Pevnost (Festung &#8211; 1012\u00a0m \u00fc. M.)\u00a0 eine Rast einlegen \u2013 von den M\u00e4delstegen auf\u00a0<strong>blauer<\/strong>Markierung vorbei am Myslivna (Forsthaus) zur\u00fcck ins\u00a0Zentrum von \u0160pindler\u016fv Ml\u00fdn<\/p>\n<p>&nbsp;<\/p>\n<p><strong>Sehenswertes auf der Strecke:\u00a0<\/strong><\/p>\n<ul>\n<li>Peterbaude (Petrova bouda) \u2013 h\u00f6chstgelegene Baude im Risengebirge, seit 2004\u00a0auf der Liste der Denkm\u00e4ler der Tschechischen Republik, im Jahre 2010\u00a0abgebrannt<\/li>\n<li>Mannsteine und M\u00e4delsteine (Mu\u017esk\u00e9 a\u00a0D\u00edv\u010d\u00ed kameny)<\/li>\n<li>Festung (Pevnost)<\/li>\n<\/ul>\n<h3><\/h3>\n<h3>\u0160pindler\u016fv Ml\u00fdn (Spindlerm\u00fchle) &#8211; Horn\u00ed M\u00edse\u010dky (Ober-Sch\u00fcsselbauden)<\/h3>\n<p><strong>L\u00e4nge der Trasse<\/strong><strong>\u00a06,5km<\/strong><\/p>\n<p>Von Spindlerm\u00fchle von der Wei\u00dfen Br\u00fccke\u2013\u00a0<strong>blaue<\/strong>\u00a0Wandermarkierung gegen den Strom der Elbe \u2013 Seilbahn Medv\u011bd\u00edn (Sch\u00fcsselberg) \u2013 mit der Seilbahn zur Bergstation Medv\u011bd\u00edn (Sch\u00fcsselberg &#8211; 1\u00a0235\u00a0m \u00fc. M.) \u2013 Schmidt-Blick (\u0160m\u00eddova vyhl\u00eddka \u2013 Panaromablick auf das Riesengebirge)\u00a0<strong>gelbe<\/strong>Wandermarkierung \u2013 auf\u00a0<strong>rot<\/strong>\u00a0markiertem Wanderweg in Richtung Horn\u00ed M\u00edse\u010dky \u2013 Horn\u00ed M\u00edse\u010dky (1000 m \u00fc. M.)<\/p>\n<p>&nbsp;<\/p>\n<p><strong>Weiter:<\/strong><\/p>\n<ol>\n<li>a)\u00a0<strong>rote<\/strong>Wandermarkierung (Wasserfallweg) zur\u00fcck nach \u0160pindler\u016fv Ml\u00fdn (720 m \u00fc. M.)<\/li>\n<li>b)\u00a0Radwandertrasse Nr.12 \u2013 oberhalb der Bobbahn \u2013<strong>rote<\/strong>Wandermarkierung Restaurant U\u00a0Medv\u011bda (Zum B\u00e4ren) \u2013 Ortsmitte Spindlerm\u00fchle<\/li>\n<\/ol>\n<p>&nbsp;<\/p>\n<p><strong>Sehenswertes auf der Strecke:\u00a0<\/strong><\/p>\n<ul>\n<li>Schmidt-Blick (\u0160m\u00eddova vyhl\u00eddka) &#8211; Panoramablick<\/li>\n<li>Horn\u00ed M\u00edse\u010dky \u2013 Ausblick auf die Kesselgruben (Koteln\u00ed j\u00e1my)<\/li>\n<\/ul>\n<h3><\/h3>\n<h3>\u0160pindler\u016fv Ml\u00fdn &#8211; Pl\u00e1n\u011b<\/h3>\n<p><strong>L\u00e4nge der Trasse<\/strong><strong>\u00a04\u00a0km<\/strong><\/p>\n<p>Von der Ortsmitte Spindlerm\u00fchle \u2013 Hotel Lomnice \u2013 rechts \u00fcber die Br\u00fccke \u2013 B\u00f6hmisches Gasthaus (\u010cesk\u00e1 hospoda) \u2013\u00a0<strong>blaue<\/strong>\u00a0Wandermarkierung Skisportareal St. Peter \u2013 mit der Seilbahn auf die Hochebenen (Pl\u00e1n\u011b) \u2013 Bergstation der Seilbahn (1 195\u00a0m \u00fc. M.) \u2013\u00a0<strong>gr\u00fcne<\/strong>Wandermarkierung \u2013 zur\u00fcck ins\u00a0Zentrum von \u0160pindler\u016fv Ml\u00fdn<\/p>\n","protected":false},"excerpt":{"rendered":"<p>\u00a0Touristische Trassen &#8211;\u00a0Spindlerm\u00fchle \u0160pindler\u016fv Ml\u00fdn (Spindlerm\u00fchle) &#8211; Talsperre Labsk\u00e1 (Krausebauden-Talsperre) L\u00e4nge der Trasse 7\u00a0km Von der Ortsmitte Spindlerm\u00fchle, vom Altb\u00f6hmischen Gasthaus, auf gr\u00fcn markiertem Wanderweg \u2013 \u00fcber die Tafelbauden (Tabulov\u00e9 boudy &#8211; 750\u00a0m \u00fc. M.) \u2013 zum Damm der Talsperre Labsk\u00e1 (700 m \u00fc. M.) \u2013 wir \u00fcberqueren den Damm \u2013 weiter\u00a0\u00a0blaue\u00a0Wandermarkierung \u2013 wir \u00fcberqueren die Stra\u00dfe und biegen links zum Hotel Arnika ab \u2013 oberhalb von\u00a0Arnika binden wir an die\u00a0gr\u00fcneWandermarkierung (775 m \u00fc. M.) an \u2013 und setzen rechts \u00fcber die die Krausbauden (Krausovy boudy) (Labsk\u00e1) fort \u2013 zum Elbblick (\u00a0Labsk\u00e1 vyhl\u00eddka -810 m \u00fc. M.) \u2013 weiter auf\u00a0gr\u00fcnerMarkierungvorbei am Hotel Lesana \u2013 zur\u00fcck nach \u0160pindler\u016fv Ml\u00fdn &nbsp; Sehenswertes auf der Strecke:\u00a0 Die Staumauer wurde durch Franz Josef I. in den Jahren 1910-1914 errichtet und h\u00e4lt bis zu 3,5 Mio. m3Wasser zur\u00fcck Die Extremsportbegeisterten k\u00f6nnen hier das Hin\u00fcberseilen versuchen \u2013 eine Fahrt an einem 125\u00a0m langen Seil in einer H\u00f6he von 30\u00a0m. Durch das Tal der Wei\u00dfen Elbe (B\u00edl\u00e9 Labe) \/ Wei\u00dfwassergrund L\u00e4nge der Trasse\u00a010\u00a0km Von der Ortsmitte Spindlerm\u00fchle, von der Wei\u00dfen Br\u00fccke\u2013 auf blau markiertem Wanderweg \u2013 gegen den Strom der Elbe \u2013 vorbei an der Seilbahn auf den Medv\u011bd\u00edn (Sch\u00fcsselberg) \u2013 Zur H\u00fctte des NPR \u2013 weiter [&hellip;]<\/p>\n","protected":false},"author":2,"featured_media":0,"parent":0,"menu_order":0,"comment_status":"closed","ping_status":"open","template":"page-fullwidth.php","meta":{"_exactmetrics_skip_tracking":false,"_exactmetrics_sitenote_active":false,"_exactmetrics_sitenote_note":"","_exactmetrics_sitenote_category":0,"footnotes":""},"class_list":["post-1445","page","type-page","status-publish","hentry"],"_links":{"self":[{"href":"https:\/\/www.alpskyhotel.cz\/de\/index.php?rest_route=\/wp\/v2\/pages\/1445","targetHints":{"allow":["GET"]}}],"collection":[{"href":"https:\/\/www.alpskyhotel.cz\/de\/index.php?rest_route=\/wp\/v2\/pages"}],"about":[{"href":"https:\/\/www.alpskyhotel.cz\/de\/index.php?rest_route=\/wp\/v2\/types\/page"}],"author":[{"embeddable":true,"href":"https:\/\/www.alpskyhotel.cz\/de\/index.php?rest_route=\/wp\/v2\/users\/2"}],"replies":[{"embeddable":true,"href":"https:\/\/www.alpskyhotel.cz\/de\/index.php?rest_route=%2Fwp%2Fv2%2Fcomments&post=1445"}],"version-history":[{"count":2,"href":"https:\/\/www.alpskyhotel.cz\/de\/index.php?rest_route=\/wp\/v2\/pages\/1445\/revisions"}],"predecessor-version":[{"id":1447,"href":"https:\/\/www.alpskyhotel.cz\/de\/index.php?rest_route=\/wp\/v2\/pages\/1445\/revisions\/1447"}],"wp:attachment":[{"href":"https:\/\/www.alpskyhotel.cz\/de\/index.php?rest_route=%2Fwp%2Fv2%2Fmedia&parent=1445"}],"curies":[{"name":"wp","href":"https:\/\/api.w.org\/{rel}","templated":true}]}}